{"id":299,"date":"2023-05-31T08:29:19","date_gmt":"2023-05-31T08:29:19","guid":{"rendered":"https:\/\/ts-macedonia.mk\/?page_id=299"},"modified":"2025-02-03T10:27:26","modified_gmt":"2025-02-03T10:27:26","slug":"uber-uns","status":"publish","type":"page","link":"https:\/\/ts-macedonia.mk\/?page_id=299&lang=de","title":{"rendered":"\u00dcber uns"},"content":{"rendered":"<p>[et_pb_section fb_built=&#8221;1&#8243; _builder_version=&#8221;4.20.2&#8243; _module_preset=&#8221;default&#8221; background_image=&#8221;https:\/\/ts-macedonia.mk\/wp-content\/uploads\/2023\/04\/Main1.jpg&#8221; custom_padding=&#8221;32px||9px|||&#8221; global_colors_info=&#8221;{}&#8221;][et_pb_row _builder_version=&#8221;4.20.2&#8243; _module_preset=&#8221;default&#8221; global_colors_info=&#8221;{}&#8221;][et_pb_column type=&#8221;4_4&#8243; _builder_version=&#8221;4.20.2&#8243; _module_preset=&#8221;default&#8221; global_colors_info=&#8221;{}&#8221;][et_pb_text _builder_version=&#8221;4.20.2&#8243; _module_preset=&#8221;default&#8221; global_colors_info=&#8221;{}&#8221;][\/et_pb_text][\/et_pb_column][\/et_pb_row][\/et_pb_section][et_pb_section fb_built=&#8221;1&#8243; _builder_version=&#8221;4.21.0&#8243; _module_preset=&#8221;default&#8221; background_color=&#8221;#184797&#8243; global_colors_info=&#8221;{}&#8221;][et_pb_row _builder_version=&#8221;4.21.0&#8243; _module_preset=&#8221;default&#8221; global_colors_info=&#8221;{}&#8221;][et_pb_column type=&#8221;4_4&#8243; _builder_version=&#8221;4.21.0&#8243; _module_preset=&#8221;default&#8221; global_colors_info=&#8221;{}&#8221;][et_pb_text _builder_version=&#8221;4.21.0&#8243; _module_preset=&#8221;default&#8221; text_text_color=&#8221;#ffffff&#8221; text_font_size=&#8221;18px&#8221; global_colors_info=&#8221;{}&#8221;][\/et_pb_text][et_pb_text _builder_version=&#8221;4.21.0&#8243; _module_preset=&#8221;default&#8221; text_text_color=&#8221;#ffffff&#8221; text_font_size=&#8221;18px&#8221; global_colors_info=&#8221;{}&#8221;]<\/p>\n<p>&#8220;Telemarketing und Service&#8221; unternehmen wurde im Januar 2019 in Skopje gegr\u00fcndet mit nur 15 arbeitern, aber mit eine inspirierende vision f\u00fcr die zukunft. Die Anfangsgruppe die unter dem Motto &#8220;You deserve the best solution&#8221; gearbeitet hat, has es geschafft sich zu erveitern mit ca. 100 Mitarbeitern mit B\u00fcros in Skopje, Tetovo, Resen und Veles, wahrend wir weiter arbeiten f\u00fcr unsere erveiterung auch in anderen Stadten. Jeder neue Mitarbeiter verdient eine chance f\u00fcr eine vielverschprechende Karriere und wir sind f\u00fcr sie da.<\/p>\n<p>Die Sprachen in denen wir tatig sind:<br \/>\u2022 Deutsch<br \/>\u2022 Italiensich<br \/>\u2022 Spanish<br \/>\u2022 Albanisch<br \/>\u2022 Turkisch<br \/>\u2022 Serbo-Crooatisch<\/p>\n<p>Wir denken dass ein unternehmen Erfogreich ist wenn es um alle zusamen arbeit und Unterscht\u00fctzung der Gemeinschaft geht, deshalb haben wir uns daf\u00fcr entschieden um n\u00e4cher den jugendlischen und B\u00fcrgem zu sein wahrend wir f\u00fcr Sie investieren.<\/p>\n<p>F\u00fcr alle die Teil unseres Teams werden m\u00f6chten, sie m\u00fcssen:<\/p>\n<p>\u2022 Eine der oben genannten sprachen gut beherschen<br \/>\u2022 Gute Kommunikationsf\u00f6hrigkeiten verf\u00fcgen<br \/>\u2022 Offen f\u00fcr Gruppenarbeit sein<br \/>\u2022 Ehrgeiz f\u00fcr Erfolg haben<br \/>\u2022 Mit positivier energie erf\u00fcllt sein<\/p>\n<p>Wir verpflichten uns sehr dass die Mitglieder unseres Teams in einem familieren Umfeld zu arbeiten.<\/p>\n<p>[\/et_pb_text][\/et_pb_column][\/et_pb_row][\/et_pb_section][et_pb_section fb_built=&#8221;1&#8243; _builder_version=&#8221;4.20.2&#8243; _module_preset=&#8221;default&#8221; min_height=&#8221;623.8px&#8221; custom_padding=&#8221;32px|||||&#8221; global_colors_info=&#8221;{}&#8221;][et_pb_row column_structure=&#8221;1_2,1_2&#8243; _builder_version=&#8221;4.21.0&#8243; _module_preset=&#8221;default&#8221; global_colors_info=&#8221;{}&#8221;][et_pb_column type=&#8221;1_2&#8243; _builder_version=&#8221;4.20.2&#8243; _module_preset=&#8221;default&#8221; global_colors_info=&#8221;{}&#8221;][et_pb_team_member name=&#8221;Veli Abdija&#8221; position=&#8221;Hauptgesch\u00e4ftsf\u00fchrer&#8221; image_url=&#8221;https:\/\/ts-macedonia.mk\/wp-content\/uploads\/2023\/11\/WhatsApp-Image-2023-11-23-at-13.39.18_71c927ed.jpg&#8221; _builder_version=&#8221;4.23&#8243; _module_preset=&#8221;default&#8221; global_colors_info=&#8221;{}&#8221;][\/et_pb_team_member][\/et_pb_column][et_pb_column type=&#8221;1_2&#8243; _builder_version=&#8221;4.20.2&#8243; _module_preset=&#8221;default&#8221; global_colors_info=&#8221;{}&#8221;][et_pb_team_member name=&#8221;Arlind Useini&#8221; position=&#8221;Stellvertretender Direktor&#8221; image_url=&#8221;https:\/\/ts-macedonia.mk\/wp-content\/uploads\/2023\/09\/What1sApp-Image-2023-06-01-at-16.58.36.jpg&#8221; _builder_version=&#8221;4.21.0&#8243; _module_preset=&#8221;default&#8221; global_colors_info=&#8221;{}&#8221;][\/et_pb_team_member][\/et_pb_column][\/et_pb_row][et_pb_row column_structure=&#8221;1_3,1_3,1_3&#8243; _builder_version=&#8221;4.21.0&#8243; _module_preset=&#8221;default&#8221; global_colors_info=&#8221;{}&#8221;][et_pb_column type=&#8221;1_3&#8243; _builder_version=&#8221;4.20.2&#8243; _module_preset=&#8221;default&#8221; global_colors_info=&#8221;{}&#8221;][et_pb_team_member name=&#8221;Jehona Zendeli&#8221; position=&#8221;Teamleiter der Italienisch und Spanische Gruppe&#8221; image_url=&#8221;https:\/\/ts-macedonia.mk\/wp-content\/uploads\/2023\/09\/WhatsApp-Image-202113-06-01-at-16.58.37.jpg&#8221; _builder_version=&#8221;4.21.0&#8243; _module_preset=&#8221;default&#8221; global_colors_info=&#8221;{}&#8221;][\/et_pb_team_member][\/et_pb_column][et_pb_column type=&#8221;1_3&#8243; _builder_version=&#8221;4.20.2&#8243; _module_preset=&#8221;default&#8221; global_colors_info=&#8221;{}&#8221;][et_pb_team_member name=&#8221;Lume Bexheti&#8221; position=&#8221;Team Leader of German Group&#8221; image_url=&#8221;https:\/\/ts-macedonia.mk\/wp-content\/uploads\/2023\/09\/WhatsApp-Image-2023-06-01-at-16.5118.37.jpg&#8221; _builder_version=&#8221;4.21.0&#8243; _module_preset=&#8221;default&#8221; global_colors_info=&#8221;{}&#8221;][\/et_pb_team_member][\/et_pb_column][et_pb_column type=&#8221;1_3&#8243; _builder_version=&#8221;4.20.2&#8243; _module_preset=&#8221;default&#8221; global_colors_info=&#8221;{}&#8221;][\/et_pb_column][\/et_pb_row][et_pb_row column_structure=&#8221;1_3,1_3,1_3&#8243; _builder_version=&#8221;4.21.0&#8243; _module_preset=&#8221;default&#8221; global_colors_info=&#8221;{}&#8221;][et_pb_column type=&#8221;1_3&#8243; _builder_version=&#8221;4.20.2&#8243; _module_preset=&#8221;default&#8221; global_colors_info=&#8221;{}&#8221;][et_pb_team_member name=&#8221;Ajnur Xhafer &#8211; Aynur Xhafer &#8221; position=&#8221;T\u00fcrkische Sprachassistenten&#8221; image_url=&#8221;https:\/\/ts-macedonia.mk\/wp-content\/uploads\/2023\/12\/WhatsApp-Image-2023-12-22-at-22.25.00_671e16dd.jpg&#8221; _builder_version=&#8221;4.23&#8243; _module_preset=&#8221;default&#8221; global_colors_info=&#8221;{}&#8221;][\/et_pb_team_member][\/et_pb_column][et_pb_column type=&#8221;1_3&#8243; _builder_version=&#8221;4.20.2&#8243; _module_preset=&#8221;default&#8221; global_colors_info=&#8221;{}&#8221;][et_pb_team_member name=&#8221;Visar Selmani&#8221; position=&#8221;IT Manager&#8221; image_url=&#8221;data:image\/svg+xml;base64,PHN2ZyB3aWR0aD0iNTAwIiBoZWlnaHQ9IjUwMCIgdmlld0JveD0iMCAwIDUwMCA1MDAiIHhtbG5zPSJodHRwOi8vd3d3LnczLm9yZy8yMDAwL3N2ZyI+CiAgICA8ZyBmaWxsPSJub25lIiBmaWxsLXJ1bGU9ImV2ZW5vZGQiPgogICAgICAgIDxwYXRoIGZpbGw9IiNFQkVCRUIiIGQ9Ik0wIDBoNTAwdjUwMEgweiIvPgogICAgICAgIDxyZWN0IGZpbGwtb3BhY2l0eT0iLjEiIGZpbGw9IiMwMDAiIHg9IjY4IiB5PSIzMDUiIHdpZHRoPSIzNjQiIGhlaWdodD0iNTY4IiByeD0iMTgyIi8+CiAgICAgICAgPGNpcmNsZSBmaWxsLW9wYWNpdHk9Ii4xIiBmaWxsPSIjMDAwIiBjeD0iMjQ5IiBjeT0iMTcyIiByPSIxMDAiLz4KICAgIDwvZz4KPC9zdmc+Cg==&#8221; _builder_version=&#8221;4.21.0&#8243; _module_preset=&#8221;default&#8221; global_colors_info=&#8221;{}&#8221;][\/et_pb_team_member][\/et_pb_column][et_pb_column type=&#8221;1_3&#8243; _builder_version=&#8221;4.20.2&#8243; _module_preset=&#8221;default&#8221; global_colors_info=&#8221;{}&#8221;][\/et_pb_column][\/et_pb_row][et_pb_row column_structure=&#8221;1_3,1_3,1_3&#8243; _builder_version=&#8221;4.21.0&#8243; _module_preset=&#8221;default&#8221; locked=&#8221;off&#8221; global_colors_info=&#8221;{}&#8221;][et_pb_column type=&#8221;1_3&#8243; _builder_version=&#8221;4.20.2&#8243; _module_preset=&#8221;default&#8221; global_colors_info=&#8221;{}&#8221;][et_pb_team_member name=&#8221;Amra Dzudzevic&#8221; position=&#8221;Leiter der Serbischen Sprachgruppe&#8221; image_url=&#8221;https:\/\/ts-macedonia.mk\/wp-content\/uploads\/2024\/10\/WhatsApp-Image-2024-10-01-at-09.29.18_6d9d6c80.jpg&#8221; _builder_version=&#8221;4.23&#8243; _module_preset=&#8221;default&#8221; global_colors_info=&#8221;{}&#8221;][\/et_pb_team_member][\/et_pb_column][et_pb_column type=&#8221;1_3&#8243; _builder_version=&#8221;4.20.2&#8243; _module_preset=&#8221;default&#8221; global_colors_info=&#8221;{}&#8221;][\/et_pb_column][et_pb_column type=&#8221;1_3&#8243; _builder_version=&#8221;4.20.2&#8243; _module_preset=&#8221;default&#8221; global_colors_info=&#8221;{}&#8221;][\/et_pb_column][\/et_pb_row][\/et_pb_section]<\/p>\n","protected":false},"excerpt":{"rendered":"<p>&#8220;Telemarketing und Service&#8221; unternehmen wurde im Januar 2019 in Skopje gegr\u00fcndet mit nur 15 arbeitern, aber mit eine inspirierende vision f\u00fcr die zukunft. Die Anfangsgruppe die unter dem Motto &#8220;You deserve the best solution&#8221; gearbeitet hat, has es geschafft sich zu erveitern mit ca. 100 Mitarbeitern mit B\u00fcros in Skopje, Tetovo, Resen und Veles, wahrend [&hellip;]<\/p>\n","protected":false},"author":2,"featured_media":0,"parent":0,"menu_order":0,"comment_status":"closed","ping_status":"closed","template":"","meta":{"_et_pb_use_builder":"on","_et_pb_old_content":"<!-- wp:divi\/placeholder \/-->","_et_gb_content_width":"","footnotes":""},"class_list":["post-299","page","type-page","status-publish","hentry"],"_links":{"self":[{"href":"https:\/\/ts-macedonia.mk\/index.php?rest_route=\/wp\/v2\/pages\/299","targetHints":{"allow":["GET"]}}],"collection":[{"href":"https:\/\/ts-macedonia.mk\/index.php?rest_route=\/wp\/v2\/pages"}],"about":[{"href":"https:\/\/ts-macedonia.mk\/index.php?rest_route=\/wp\/v2\/types\/page"}],"author":[{"embeddable":true,"href":"https:\/\/ts-macedonia.mk\/index.php?rest_route=\/wp\/v2\/users\/2"}],"replies":[{"embeddable":true,"href":"https:\/\/ts-macedonia.mk\/index.php?rest_route=%2Fwp%2Fv2%2Fcomments&post=299"}],"version-history":[{"count":16,"href":"https:\/\/ts-macedonia.mk\/index.php?rest_route=\/wp\/v2\/pages\/299\/revisions"}],"predecessor-version":[{"id":758,"href":"https:\/\/ts-macedonia.mk\/index.php?rest_route=\/wp\/v2\/pages\/299\/revisions\/758"}],"wp:attachment":[{"href":"https:\/\/ts-macedonia.mk\/index.php?rest_route=%2Fwp%2Fv2%2Fmedia&parent=299"}],"curies":[{"name":"wp","href":"https:\/\/api.w.org\/{rel}","templated":true}]}}